{"id":2,"date":"2018-04-05T11:38:32","date_gmt":"2018-04-05T09:38:32","guid":{"rendered":"http:\/\/hutar.sk\/?page_id=2"},"modified":"2025-08-05T20:22:22","modified_gmt":"2025-08-05T18:22:22","slug":"ukazka-strany","status":"publish","type":"page","link":"https:\/\/hutar.sk\/","title":{"rendered":"DOMOV"},"content":{"rendered":"<div class=\"wpb-content-wrapper\">[vc_row full_width=&#8220;stretch_row_content_no_spaces&#8220; full_height=&#8220;yes&#8220;][vc_column offset=&#8220;vc_hidden-sm vc_hidden-xs&#8220;][vc_single_image image=&#8220;260&#8243; img_size=&#8220;full&#8220; alignment=&#8220;center&#8220; css=&#8220;.vc_custom_1736243579760{margin-bottom: 35px !important;}&#8220;][\/vc_column][\/vc_row][vc_row fullwidth=&#8220;true&#8220;][vc_column offset=&#8220;vc_hidden-lg vc_hidden-md&#8220;][vc_single_image image=&#8220;260&#8243; img_size=&#8220;full&#8220; alignment=&#8220;center&#8220; css=&#8220;.vc_custom_1736243584749{margin-bottom: 0px !important;}&#8220;][\/vc_column][\/vc_row][vc_row disable_element=&#8220;yes&#8220;][vc_column css=&#8220;.vc_custom_1524559100443{margin-top: -100px !important;border-top-width: -100px !important;padding-top: -100px !important;}&#8220;]\n\t\t\t<!-- START Slider 1 REVOLUTION SLIDER 6.7.23 --><p class=\"rs-p-wp-fix\"><\/p>\n\t\t\t<rs-module-wrap id=\"rev_slider_3_1_wrapper\" data-source=\"gallery\" style=\"visibility:hidden;background:transparent;padding:0;\">\n\t\t\t\t<rs-module id=\"rev_slider_3_1\" style=\"\" data-version=\"6.7.23\">\n\t\t\t\t\t<rs-slides style=\"overflow: hidden; position: absolute;\">\n\t\t\t\t\t\t<rs-slide style=\"position: absolute;\" data-key=\"rs-11\" data-title=\"30 rokov\" data-in=\"o:0;\" data-out=\"a:false;\">\n\t\t\t\t\t\t\t<img decoding=\"async\" src=\"\/\/hutar.sk\/wp-content\/plugins\/revslider\/sr6\/assets\/assets\/dummy.png\" alt=\"\" title=\"hutar.sk-autobusova-doprava\" width=\"865\" height=\"547\" class=\"rev-slidebg tp-rs-img rs-lazyload\" data-lazyload=\"\/\/hutar.sk\/wp-content\/uploads\/2025\/01\/hutar.sk-autobusova-doprava.jpg\" data-no-retina>\n<!---->\t\t\t\t\t<\/rs-slide>\n\t\t\t\t\t<\/rs-slides>\n\t\t\t\t<\/rs-module>\n\t\t\t\t<script>\n\t\t\t\t\tsetREVStartSize({c: 'rev_slider_3_1',rl:[1240,1024,778,480],el:[900],gw:[1240],gh:[900],type:'standard',justify:'',layout:'fullscreen',offsetContainer:'',offset:'',mh:\"0\"});if (window.RS_MODULES!==undefined && window.RS_MODULES.modules!==undefined && window.RS_MODULES.modules[\"revslider31\"]!==undefined) {window.RS_MODULES.modules[\"revslider31\"].once = false;window.revapi3 = undefined;if (window.RS_MODULES.checkMinimal!==undefined) window.RS_MODULES.checkMinimal()}\n\t\t\t\t<\/script>\n\t\t\t<\/rs-module-wrap>\n\t\t\t<!-- END REVOLUTION SLIDER -->\n[\/vc_column][\/vc_row][vc_row fullwidth=&#8220;true&#8220; fullwidth_content=&#8220;false&#8220; el_id=&#8220;onas&#8220; id=&#8220;onas&#8220; css=&#8220;.vc_custom_1736243510131{background-color: #004D6E !important;}&#8220;][vc_column width=&#8220;1\/3&#8243;][vc_empty_space][vc_single_image image=&#8220;282&#8243; img_size=&#8220;70&#215;70&#8243; alignment=&#8220;center&#8220; css=&#8220;&#8220;][vc_column_text css=&#8220;.vc_custom_1736243246023{margin-bottom: 0px !important;}&#8220;]\n<h3 class=\"icon-box-title\" style=\"text-align: center;\"><span style=\"color: #ffffff;\">SK\u00daSENOS\u0164<\/span><\/h3>\n[\/vc_column_text][vc_column_text css=&#8220;.vc_custom_1736243251636{margin-bottom: 0px !important;}&#8220;]\n<p style=\"text-align: center;\"><span style=\"color: #ffffff;\">U\u017e viac ako 30 rokov prepravujeme z\u00e1kazn\u00edkov po celej Eur\u00f3pe.<\/span><\/p>\n[\/vc_column_text][vc_empty_space][\/vc_column][vc_column width=&#8220;1\/3&#8243;][vc_empty_space][vc_single_image image=&#8220;284&#8243; img_size=&#8220;70&#215;70&#8243; alignment=&#8220;center&#8220; css=&#8220;&#8220;][vc_column_text css=&#8220;.vc_custom_1736243257437{margin-bottom: 0px !important;}&#8220;]\n<h3 class=\"icon-box-title\" style=\"text-align: center;\"><span style=\"color: #ffffff;\">PROFESION\u00c1LNOS\u0164<\/span><\/h3>\n[\/vc_column_text][vc_column_text css=&#8220;.vc_custom_1736243262392{margin-bottom: 0px !important;}&#8220;]\n<p style=\"text-align: center;\"><span style=\"color: #ffffff;\">M\u00e1me profesion\u00e1lne sk\u00fasenosti s prepravou doma aj v zahrani\u010d\u00ed.<\/span><\/p>\n[\/vc_column_text][vc_empty_space][\/vc_column][vc_column width=&#8220;1\/3&#8243;][vc_empty_space][vc_single_image image=&#8220;285&#8243; img_size=&#8220;70&#215;70&#8243; alignment=&#8220;center&#8220; css=&#8220;&#8220;][vc_column_text css=&#8220;.vc_custom_1736243267377{margin-bottom: 0px !important;}&#8220;]\n<h3 style=\"text-align: center;\"><span style=\"color: #ffffff;\">SPO\u013dAHLIVOS\u0164<\/span><\/h3>\n[\/vc_column_text][vc_column_text css=&#8220;.vc_custom_1736243271937{margin-bottom: 0px !important;}&#8220;]\n<p style=\"text-align: center;\"><span style=\"color: #ffffff;\">Na n\u00e1s sa m\u00f4\u017eete v\u017edy spo\u013eahn\u00fa\u0165. V\u017edy dodr\u017e\u00edme \u010do sl\u00fabime.<\/span><\/p>\n[\/vc_column_text][vc_empty_space][\/vc_column][\/vc_row][vc_row el_id=&#8220;cennik&#8220; id=&#8220;cennik&#8220;][vc_column css=&#8220;.vc_custom_1524559100443{margin-top: -100px !important;border-top-width: -100px !important;padding-top: -100px !important;}&#8220;][vc_empty_space height=&#8220;152px&#8220;][vc_column_text]\n<h1 style=\"text-align: center;\">CENN\u00cdK<\/h1>\n[\/vc_column_text][vc_empty_space][vc_column_text css=&#8220;.vc_custom_1524484621899{margin-bottom: 0px !important;}&#8220;]<style>@media only screen and (max-width: 479px) { #go-pricing-table-63 .gw-go-col-wrap { width:100%; } } #go-pricing-table-63 .gw-go-col-wrap { min-width:130px; } #go-pricing-table-63 .gw-go-col-inner { border-radius:0 0 0 0; } #go-pricing-table-63 .gw-go-tooltip-content { background-color:#9d9d9d;color:#333333;max-width:130px; } #go-pricing-table-63 .gw-go-tooltip:before { border-top-color:#9d9d9d; } #go-pricing-table-63 .gw-go-col-wrap-0.gw-go-hover .gw-go-header-top { background-color:#004d6e; } #go-pricing-table-63 .gw-go-col-wrap-0 .gw-go-price-wrap span, #go-pricing-table-63 .gw-go-col-wrap-0 .gw-go-coinf div, #go-pricing-table-63 .gw-go-col-wrap-0 .gw-go-coinb div { color:#004d6e; } #go-pricing-table-63 .gw-go-col-wrap-0 .gw-go-header h3 { font-size:25px !important; line-height:20px !important; font-weight:bold !important; } #go-pricing-table-63 .gw-go-col-wrap-0 .gw-go-price-wrap > span{ font-size:22px !important; } #go-pricing-table-63 .gw-go-col-wrap-0 .gw-go-body li[data-row-index=\"2\"] { font-size:16px !important; line-height:20px !important; font-weight:bold !important; } #go-pricing-table-63 .gw-go-col-wrap-1.gw-go-hover .gw-go-header-top { background-color:#004d6e; } #go-pricing-table-63 .gw-go-col-wrap-1 .gw-go-price-wrap span, #go-pricing-table-63 .gw-go-col-wrap-1 .gw-go-coinf div, #go-pricing-table-63 .gw-go-col-wrap-1 .gw-go-coinb div { color:#004d6e; } #go-pricing-table-63 .gw-go-col-wrap-1 .gw-go-header h3 { font-size:25px !important; line-height:20px !important; font-weight:bold !important; } #go-pricing-table-63 .gw-go-col-wrap-1 .gw-go-price-wrap > span{ font-size:22px !important; } #go-pricing-table-63 .gw-go-col-wrap-1 .gw-go-body li[data-row-index=\"2\"] { font-size:16px !important; line-height:20px !important; font-weight:bold !important; } #go-pricing-table-63 .gw-go { visibility:visible; }<\/style>\n<div id=\"go-pricing-table-63\" style=\"margin-bottom:20px;\"><div class=\"gw-go gw-go-clearfix gw-go-enlarge-current gw-go-2cols\" data-id=\"63\" data-colnum=\"2\" data-equalize=\"{&quot;column&quot;:&quot;1&quot;,&quot;body&quot;:&quot;1&quot;,&quot;footer&quot;:&quot;1&quot;}\" data-views=\"{&quot;tp&quot;:{&quot;min&quot;:&quot;768&quot;,&quot;max&quot;:&quot;959&quot;,&quot;cols&quot;:&quot;&quot;},&quot;ml&quot;:{&quot;min&quot;:&quot;480&quot;,&quot;max&quot;:&quot;767&quot;,&quot;cols&quot;:&quot;2&quot;},&quot;mp&quot;:{&quot;min&quot;:&quot;&quot;,&quot;max&quot;:&quot;479&quot;,&quot;cols&quot;:&quot;1&quot;}}\"><div class=\"gw-go-col-wrap gw-go-col-wrap-0\" data-col-index=\"0\"><div class=\"gw-go-col gw-go-clean-style1\"><div class=\"gw-go-col-inner\"><div class=\"gw-go-header gw-go-header-standard\"><div class=\"gw-go-header-top\"><h3>Slovensko<\/h3><\/div><div class=\"gw-go-header-bottom\"><div class=\"gw-go-price-wrap\"><span>Cena dohodou<\/span><small>v z\u00e1vislosti od podmienok<\/small><\/div><\/div><\/div><ul class=\"gw-go-body\"><li data-row-index=\"0\"><div class=\"gw-go-body-cell\">\u010cAKANIE : 8,-Eur \/hod. + DPH<\/div><\/li><li class=\"gw-go-even\" data-row-index=\"1\"><div class=\"gw-go-body-cell\">Poplatky dia\u013enic\r\n<\/div><\/li><li data-row-index=\"2\"><div class=\"gw-go-body-cell\">VYBAVENIE AUTOBUSU:<\/div><\/li><li class=\"gw-go-even\" data-row-index=\"3\"><div class=\"gw-go-body-cell\">49 miest na sedenie<\/div><\/li><li data-row-index=\"4\"><div class=\"gw-go-body-cell\">Klimatiz\u00e1cia<\/div><\/li><li class=\"gw-go-even\" data-row-index=\"5\"><div class=\"gw-go-body-cell\">Chladni\u010dka<\/div><\/li><li data-row-index=\"6\"><div class=\"gw-go-body-cell\">WC \/ TV<\/div><\/li><\/ul><div class=\"gw-go-footer-wrap\"><div class=\"gw-go-footer-spacer\"><\/div><div class=\"gw-go-footer\"><div class=\"gw-go-footer-rows\"><div class=\"gw-go-footer-row\" data-row-index=\"0\"><div class=\"gw-go-footer-row-inner\"><a href=\"#kontakt\" class=\"gw-go-btn gw-go-btn-medium\">Objedna\u0165<\/a><\/div><\/div><\/div><\/div><\/div><\/div><\/div><\/div><div class=\"gw-go-col-wrap gw-go-col-wrap-1\" data-col-index=\"1\"><div class=\"gw-go-col gw-go-clean-style1\"><div class=\"gw-go-col-inner\"><div class=\"gw-go-header gw-go-header-standard\"><div class=\"gw-go-header-top\"><h3>Zahrani\u010die<\/h3><\/div><div class=\"gw-go-header-bottom\"><div class=\"gw-go-price-wrap\"><span>Cena dohodou<\/span><small>v z\u00e1vislosti od podmienok<\/small><\/div><\/div><\/div><ul class=\"gw-go-body\"><li data-row-index=\"0\"><div class=\"gw-go-body-cell\">\u010cAKANIE : 8,-Eur \/hod. + DPH<\/div><\/li><li class=\"gw-go-even\" data-row-index=\"1\"><div class=\"gw-go-body-cell\">V zahrani\u010d\u00ed sa u\u010dtuj\u00fa di\u00e9ty vodi\u010da, poplatky dia\u013enic, popr. parkovn\u00e9. <\/br>\r\nCena za zahrani\u010dn\u00fa prepravu sa u\u010dtuje bez DPH.<\/div><\/li><li data-row-index=\"2\"><div class=\"gw-go-body-cell\">VYBAVENIE AUTOBUSU:<\/div><\/li><li class=\"gw-go-even\" data-row-index=\"3\"><div class=\"gw-go-body-cell\">49 miest na sedenie<\/div><\/li><li data-row-index=\"4\"><div class=\"gw-go-body-cell\">Klimatiz\u00e1cia<\/div><\/li><li class=\"gw-go-even\" data-row-index=\"5\"><div class=\"gw-go-body-cell\">Chladni\u010dka<\/div><\/li><li data-row-index=\"6\"><div class=\"gw-go-body-cell\">WC \/ TV<\/div><\/li><\/ul><div class=\"gw-go-footer-wrap\"><div class=\"gw-go-footer-spacer\"><\/div><div class=\"gw-go-footer\"><div class=\"gw-go-footer-rows\"><div class=\"gw-go-footer-row\" data-row-index=\"0\"><div class=\"gw-go-footer-row-inner\"><a href=\"#kontakt\" class=\"gw-go-btn gw-go-btn-medium\">Objedna\u0165<\/a><\/div><\/div><\/div><\/div><\/div><\/div><\/div><\/div><\/div><\/div>[\/vc_column_text][\/vc_column][\/vc_row][vc_row][vc_column][vc_empty_space][\/vc_column][\/vc_row][vc_row fullwidth=&#8220;true&#8220; full_width=&#8220;stretch_row_content&#8220; content_placement=&#8220;middle&#8220; css=&#8220;.vc_custom_1736242954597{background-image: url(https:\/\/hutar.sk\/wp-content\/uploads\/2018\/04\/autobusova-doprava-hutar.sk-trnava.jpg?id=53) !important;}&#8220; el_id=&#8220;nase-sluzby&#8220; id=&#8220;nase-sluzby&#8220;][vc_column][vc_empty_space][vc_column_text]\n<h1 style=\"text-align: center;\"><span style=\"color: #ffffff;\">NA\u0160E SLU\u017dBY<\/span><\/h1>\n[\/vc_column_text][vc_column_text css=&#8220;.vc_custom_1525368875614{margin-bottom: 0px !important;}&#8220;]\n<p style=\"text-align: center;\"><span style=\"color: #ffffff;\">Potrebujete prepravi\u0165 ve\u013ek\u00fa skupinu \u013eud\u00ed po Slovensku alebo do zahrani\u010dia?<\/span><\/p>\n<p style=\"text-align: center;\"><span style=\"color: #ffffff;\"> Nie je probl\u00e9m.<\/span><\/p>\n[\/vc_column_text][vc_row_inner][vc_column_inner width=&#8220;1\/4&#8243;][vc_empty_space][vc_single_image image=&#8220;220&#8243; img_size=&#8220;50&#215;50&#8243; alignment=&#8220;center&#8220;][vc_column_text css=&#8220;.vc_custom_1524560940734{margin-bottom: 0px !important;}&#8220;]\n<h3 class=\"icon-box-title\" style=\"text-align: center;\"><span style=\"color: #ffffff;\">\u0160PORTOV\u00c9 Z\u00c1JAZDY<\/span><\/h3>\n[\/vc_column_text][vc_column_text css=&#8220;.vc_custom_1525368893299{margin-bottom: 0px !important;}&#8220;]\n<p style=\"text-align: center;\"><span style=\"color: #ffffff;\">Bl\u00ed\u017ei sa z\u00e1pas v\u00e1\u0161ho t\u00fdmu a vy e\u0161te nem\u00e1te odvoz pre svojich \u0161portovcov?<\/span><\/p>\n<p style=\"text-align: center;\"><span style=\"color: #ffffff;\">Radi v\u00e1s zavezieme na z\u00e1pas.<\/span><\/p>\n[\/vc_column_text][vc_empty_space][\/vc_column_inner][vc_column_inner width=&#8220;1\/4&#8243;][vc_empty_space][vc_single_image image=&#8220;218&#8243; img_size=&#8220;50&#215;50&#8243; alignment=&#8220;center&#8220;][vc_column_text css=&#8220;.vc_custom_1676870886285{margin-bottom: 0px !important;}&#8220;]\n<h3 class=\"icon-box-title\" style=\"text-align: center;\"><span style=\"color: #ffffff;\">LETISKOV\u00c9 TRANSFERY<\/span><\/h3>\n[\/vc_column_text][vc_column_text css=&#8220;.vc_custom_1676871036578{margin-bottom: 0px !important;}&#8220;]\n<p style=\"text-align: center;\"><span style=\"color: #ffffff;\">Potrebujete odviez\u0165 na bratislavsk\u00e9, viede\u0148sk\u00e9 alebo in\u00e9 letisko? <\/span><\/p>\n<p style=\"text-align: center;\"><span style=\"color: #ffffff;\"> Pr\u00eddeme k V\u00e1m a m\u00f4\u017eeme na\u010das vyrazi\u0165.<\/span><\/p>\n[\/vc_column_text][vc_empty_space][\/vc_column_inner][vc_column_inner width=&#8220;1\/4&#8243;][vc_empty_space][vc_single_image image=&#8220;155&#8243; img_size=&#8220;50&#215;50&#8243; alignment=&#8220;center&#8220;][vc_column_text css=&#8220;.vc_custom_1524560501619{margin-bottom: 0px !important;}&#8220;]\n<h3 class=\"icon-box-title\" style=\"text-align: center;\"><span style=\"color: #ffffff;\">\u0160KOLSK\u00c9 V\u00ddLETY<\/span><\/h3>\n[\/vc_column_text][vc_column_text css=&#8220;.vc_custom_1525368887481{margin-bottom: 0px !important;}&#8220;]\n<p style=\"text-align: center;\"><span style=\"color: #ffffff;\">Organizujete \u0161kolsk\u00fd v\u00fdlet a potrebujete prepravi\u0165 svojich \u017eiakov?<\/span><\/p>\n<p style=\"text-align: center;\"><span style=\"color: #ffffff;\">Sme tu pre V\u00e1s.<\/span><\/p>\n[\/vc_column_text][vc_empty_space][\/vc_column_inner][vc_column_inner width=&#8220;1\/4&#8243;][vc_empty_space][vc_single_image image=&#8220;150&#8243; img_size=&#8220;50&#215;50&#8243; alignment=&#8220;center&#8220;][vc_column_text css=&#8220;.vc_custom_1524559733138{margin-bottom: 0px !important;}&#8220;]\n<h3 class=\"icon-box-title\" style=\"text-align: center;\"><span style=\"color: #ffffff;\">SVADBY<\/span><\/h3>\n[\/vc_column_text][vc_column_text css=&#8220;.vc_custom_1525368881597{margin-bottom: 0px !important;}&#8220;]\n<p style=\"text-align: center;\"><span style=\"color: #ffffff;\">Chyst\u00e1te svadbu a potrebujete prepravi\u0165 svojich host\u00ed na svadobn\u00fa hostinu?<\/span><\/p>\n<p style=\"text-align: center;\"><span style=\"color: #ffffff;\"> O v\u0161etko sa postar\u00e1me.<\/span><\/p>\n[\/vc_column_text][vc_empty_space][\/vc_column_inner][\/vc_row_inner][vc_empty_space][\/vc_column][\/vc_row][vc_row el_id=&#8220;galeria&#8220; id=&#8220;galeria&#8220;][vc_column][vc_empty_space height=&#8220;102px&#8220;][vc_column_text]\n<h1 style=\"text-align: center;\">GAL\u00c9RIA<\/h1>\n[\/vc_column_text][vc_empty_space][vc_gallery type=&#8220;image_grid&#8220; images=&#8220;295,294,299,223,182,183,303,304,307,201,199,200,213,214&#8243; img_size=&#8220;350&#215;250&#8243; css=&#8220;&#8220;][\/vc_column][\/vc_row][vc_row el_id=&#8220;kontakt&#8220; id=&#8220;kontakt&#8220;][vc_column][vc_empty_space height=&#8220;102px&#8220;][vc_column_text]\n<h1 style=\"text-align: center;\">KONTAKTUJTE N\u00c1S<\/h1>\n[\/vc_column_text][vc_empty_space][vc_row_inner][vc_column_inner width=&#8220;1\/2&#8243;][vc_single_image image=&#8220;85&#8243; img_size=&#8220;50&#215;50&#8243; alignment=&#8220;center&#8220;][vc_column_text css=&#8220;.vc_custom_1736240911479{margin-bottom: 0px !important;}&#8220;]\n<p style=\"text-align: center;\"><strong><a href=\"tel:+421905502827\">0905 502 827<\/a><span class=\"Apple-converted-space\">\u00a0\/\u00a0<\/span><a href=\"tel:0335548471\">033 5548 471<\/a><\/strong><\/p>\n[\/vc_column_text][vc_empty_space][vc_single_image image=&#8220;87&#8243; img_size=&#8220;50&#215;50&#8243; alignment=&#8220;center&#8220;][vc_column_text css=&#8220;.vc_custom_1620280540402{margin-bottom: 0px !important;}&#8220;]\n<p style=\"text-align: center;\"><a href=\"mailto:bus@hutar.sk\"><strong>bus@hutar.sk<\/strong><\/a><\/p>\n[\/vc_column_text][vc_empty_space][vc_single_image image=&#8220;98&#8243; img_size=&#8220;50&#215;50&#8243; alignment=&#8220;center&#8220;][vc_column_text css=&#8220;.vc_custom_1746771410533{margin-bottom: 0px !important;}&#8220;]\n<p style=\"text-align: center;\"><strong>HUT\u00c1R s.r.o,<\/strong><br \/>\n<strong>Kostoln\u00e1 10 \u2028<\/strong><br \/>\n<strong>Hrn\u010diarovce nad Parnou\u00a0919 35<\/strong><br \/>\n<strong>I\u010cO: 55812899<\/strong><br \/>\n<strong>DI\u010c: 2122109385<\/strong><br \/>\n<strong>I\u010c DPH: SK2122109385<\/strong><br \/>\n<strong>Vlo\u017eka \u010d\u00edslo: 55346\/T<\/strong>[\/vc_column_text][\/vc_column_inner][vc_column_inner width=&#8220;1\/2&#8243;][vc_column_text css=&#8220;.vc_custom_1524487259507{margin-bottom: 0px !important;}&#8220;]\n<div class=\"wpcf7 no-js\" id=\"wpcf7-f94-o1\" lang=\"sk-SK\" dir=\"ltr\" data-wpcf7-id=\"94\">\n<div class=\"screen-reader-response\"><p role=\"status\" aria-live=\"polite\" aria-atomic=\"true\"><\/p> <ul><\/ul><\/div>\n<form action=\"\/index.php?rest_route=%2Fwp%2Fv2%2Fpages%2F2#wpcf7-f94-o1\" method=\"post\" class=\"wpcf7-form init\" aria-label=\"Kontaktn\u00fd formul\u00e1r\" novalidate=\"novalidate\" data-status=\"init\">\n<div style=\"display: none;\">\n<input type=\"hidden\" name=\"_wpcf7\" value=\"94\" \/>\n<input type=\"hidden\" name=\"_wpcf7_version\" value=\"6.0.2\" \/>\n<input type=\"hidden\" name=\"_wpcf7_locale\" value=\"sk_SK\" \/>\n<input type=\"hidden\" name=\"_wpcf7_unit_tag\" value=\"wpcf7-f94-o1\" \/>\n<input type=\"hidden\" name=\"_wpcf7_container_post\" value=\"0\" \/>\n<input type=\"hidden\" name=\"_wpcf7_posted_data_hash\" value=\"\" \/>\n<input type=\"hidden\" name=\"_wpcf7_recaptcha_response\" value=\"\" \/>\n<\/div>\n<p>Va\u0161e meno (povinn\u00e9)\n<\/p>\n<p><span class=\"wpcf7-form-control-wrap\" data-name=\"your-name\"><input size=\"40\" maxlength=\"400\" class=\"wpcf7-form-control wpcf7-text wpcf7-validates-as-required\" aria-required=\"true\" aria-invalid=\"false\" value=\"\" type=\"text\" name=\"your-name\" \/><\/span>\n<\/p>\n<p>V\u00e1\u0161 email (povinn\u00e9)\n<\/p>\n<p><span class=\"wpcf7-form-control-wrap\" data-name=\"your-email\"><input size=\"40\" maxlength=\"400\" class=\"wpcf7-form-control wpcf7-email wpcf7-validates-as-required wpcf7-text wpcf7-validates-as-email\" aria-required=\"true\" aria-invalid=\"false\" value=\"\" type=\"email\" name=\"your-email\" \/><\/span>\n<\/p>\n<p>Predmet\n<\/p>\n<p><span class=\"wpcf7-form-control-wrap\" data-name=\"your-subject\"><input size=\"40\" maxlength=\"400\" class=\"wpcf7-form-control wpcf7-text\" aria-invalid=\"false\" value=\"\" type=\"text\" name=\"your-subject\" \/><\/span>\n<\/p>\n<p>Va\u0161a spr\u00e1va\n<\/p>\n<p><span class=\"wpcf7-form-control-wrap\" data-name=\"your-message\"><textarea cols=\"40\" rows=\"10\" maxlength=\"2000\" class=\"wpcf7-form-control wpcf7-textarea\" aria-invalid=\"false\" name=\"your-message\"><\/textarea><\/span>\n<\/p>\n<p><input class=\"wpcf7-form-control wpcf7-submit has-spinner\" type=\"submit\" value=\"Odo\u0161li\" \/>\n<\/p><div class=\"wpcf7-response-output\" aria-hidden=\"true\"><\/div>\n<\/form>\n<\/div>\n[\/vc_column_text][\/vc_column_inner][\/vc_row_inner][\/vc_column][\/vc_row][vc_row][vc_column][vc_empty_space][\/vc_column][\/vc_row]\n<\/div>","protected":false},"excerpt":{"rendered":"<p>[vc_row full_width=&#8220;stretch_row_content_no_spaces&#8220; full_height=&#8220;yes&#8220;][vc_column offset=&#8220;vc_hidden-sm vc_hidden-xs&#8220;][vc_single_image image=&#8220;260&#8243; img_size=&#8220;full&#8220; alignment=&#8220;center&#8220; css=&#8220;.vc_custom_1736243579760{margin-bottom: 35px !important;}&#8220;][\/vc_column][\/vc_row][vc_row fullwidth=&#8220;true&#8220;][vc_column offset=&#8220;vc_hidden-lg vc_hidden-md&#8220;][vc_single_image image=&#8220;260&#8243; img_size=&#8220;full&#8220; alignment=&#8220;center&#8220; css=&#8220;.vc_custom_1736243584749{margin-bottom: 0px !important;}&#8220;][\/vc_column][\/vc_row][vc_row disable_element=&#8220;yes&#8220;][vc_column css=&#8220;.vc_custom_1524559100443{margin-top: -100px !important;border-top-width: -100px !important;padding-top: -100px !important;}&#8220;][\/vc_column][\/vc_row][vc_row fullwidth=&#8220;true&#8220; fullwidth_content=&#8220;false&#8220; el_id=&#8220;onas&#8220; id=&#8220;onas&#8220; css=&#8220;.vc_custom_1736243510131{background-color: #004D6E !important;}&#8220;][vc_column width=&#8220;1\/3&#8243;][vc_empty_space][vc_single_image image=&#8220;282&#8243; img_size=&#8220;70&#215;70&#8243; alignment=&#8220;center&#8220; css=&#8220;&#8220;][vc_column_text css=&#8220;.vc_custom_1736243246023{margin-bottom: 0px !important;}&#8220;] SK\u00daSENOS\u0164 [\/vc_column_text][vc_column_text css=&#8220;.vc_custom_1736243251636{margin-bottom: 0px !important;}&#8220;] U\u017e viac ako 30 rokov prepravujeme z\u00e1kazn\u00edkov [&hellip;]<\/p>\n","protected":false},"author":2,"featured_media":19,"parent":0,"menu_order":0,"comment_status":"closed","ping_status":"open","template":"","meta":{"footnotes":""},"class_list":["post-2","page","type-page","status-publish","has-post-thumbnail","hentry"],"aioseo_notices":[],"_links":{"self":[{"href":"https:\/\/hutar.sk\/index.php?rest_route=\/wp\/v2\/pages\/2","targetHints":{"allow":["GET"]}}],"collection":[{"href":"https:\/\/hutar.sk\/index.php?rest_route=\/wp\/v2\/pages"}],"about":[{"href":"https:\/\/hutar.sk\/index.php?rest_route=\/wp\/v2\/types\/page"}],"author":[{"embeddable":true,"href":"https:\/\/hutar.sk\/index.php?rest_route=\/wp\/v2\/users\/2"}],"replies":[{"embeddable":true,"href":"https:\/\/hutar.sk\/index.php?rest_route=%2Fwp%2Fv2%2Fcomments&post=2"}],"version-history":[{"count":7,"href":"https:\/\/hutar.sk\/index.php?rest_route=\/wp\/v2\/pages\/2\/revisions"}],"predecessor-version":[{"id":309,"href":"https:\/\/hutar.sk\/index.php?rest_route=\/wp\/v2\/pages\/2\/revisions\/309"}],"wp:featuredmedia":[{"embeddable":true,"href":"https:\/\/hutar.sk\/index.php?rest_route=\/wp\/v2\/media\/19"}],"wp:attachment":[{"href":"https:\/\/hutar.sk\/index.php?rest_route=%2Fwp%2Fv2%2Fmedia&parent=2"}],"curies":[{"name":"wp","href":"https:\/\/api.w.org\/{rel}","templated":true}]}}